{"id":18477,"date":"2021-06-13T18:03:48","date_gmt":"2021-06-13T17:03:48","guid":{"rendered":"https:\/\/www.revue3emillenaire.com\/blog\/?page_id=18477"},"modified":"2026-02-23T14:49:18","modified_gmt":"2026-02-23T13:49:18","slug":"a-propos","status":"publish","type":"page","link":"https:\/\/www.revue3emillenaire.com\/blog\/a-propos\/","title":{"rendered":"A propos"},"content":{"rendered":"<p>La Revue 3e mill\u00e9naire s\u2019inscrit dans un courant humaniste de libre recherche spirituelle, artisan de convergences entre les religions et les philosophies d\u2019Orient et d\u2019Occident et \u00e0 l\u2019\u00e9coute des t\u00e9moins d\u2019\u00c9veil. Elle existe d\u00e9j\u00e0 depuis plus de 40 ans dans sa formule nouvelle s\u00e9rie. Vingt et un num\u00e9ros \u00e9taient d\u00e9j\u00e0 parus (ancienne formule) de mars 1982 \u00e0 ao\u00fbt 85, lorsqu\u2019une jeune \u00e9quipe, dirig\u00e9e par Charles Abot, racheta le titre en avril 1986. Le contexte associatif permit un red\u00e9marrage financier tr\u00e8s incertain \u00e0 l\u2019\u00e9poque, et continue aujourd\u2019hui avec la passion de ses six b\u00e9n\u00e9voles et le soutien de ses fid\u00e8les lecteurs et abonn\u00e9s et sans subvention ni soutien publicitaire.<\/p>\n<p>D\u00e8s le premier num\u00e9ro, au printemps 1986, l\u2019orientation de 3e mill\u00e9naire fut donn\u00e9e et n\u2019a pas vari\u00e9 depuis : montrer l\u2019urgence et l\u2019importance, pour le contemporain d\u2019apprendre \u00e0 \u00ab se conna\u00eetre soi-m\u00eame \u00bb par une \u00ab observation de soi \u00bb sans jugement ni introspection. Se conna\u00eetre sur plusieurs niveaux d\u2019\u00eatre, cl\u00e9 du bonheur et de la paix int\u00e9rieure, c\u2019est aussi conna\u00eetre l\u2019humanit\u00e9 dans son histoire intime !<\/p>\n<p>A l\u2019heure o\u00f9 les id\u00e9ologies et les anciens syst\u00e8mes sont incapables de r\u00e9pondre aux enjeux majeurs de la civilisation contemporaine (r\u00e9chauffement climatique, pollution de l\u2019environnement, surpopulation, mondialisation, finance \u2026), l\u2019\u00e9veil de la conscience est devenu indispensable \u00e0 une n\u00e9cessaire mutation de l\u2019homme et de la soci\u00e9t\u00e9. La Revue 3e mill\u00e9naire \u0153uvre en ce sens.<\/p>\n","protected":false},"excerpt":{"rendered":"<p>La Revue 3e mill\u00e9naire s\u2019inscrit dans un courant humaniste de libre recherche spirituelle, artisan de convergences entre les religions et les philosophies d\u2019Orient et d\u2019Occident et \u00e0 l\u2019\u00e9coute des t\u00e9moins d\u2019\u00c9veil. Elle existe d\u00e9j\u00e0 depuis plus de 40 ans dans sa formule nouvelle s\u00e9rie. Vingt et un num\u00e9ros \u00e9taient d\u00e9j\u00e0 parus (ancienne formule) de mars [&hellip;]<\/p>\n","protected":false},"author":2,"featured_media":0,"parent":0,"menu_order":0,"comment_status":"closed","ping_status":"closed","template":"template-simple.php","meta":{"footnotes":""},"class_list":["post-18477","page","type-page","status-publish","hentry"],"yoast_head":"<!-- This site is optimized with the Yoast SEO plugin v27.0 - https:\/\/yoast.com\/product\/yoast-seo-wordpress\/ -->\n<title>A propos - 3e mill\u00e9naire - Spiritualit\u00e9 - Connaissance de soi - Non-dualit\u00e9 - M\u00e9ditation<\/title>\n<meta name=\"robots\" content=\"index, follow, max-snippet:-1, max-image-preview:large, max-video-preview:-1\" \/>\n<link rel=\"canonical\" href=\"https:\/\/www.revue3emillenaire.com\/blog\/a-propos\/\" \/>\n<meta property=\"og:locale\" content=\"fr_FR\" \/>\n<meta property=\"og:type\" content=\"article\" \/>\n<meta property=\"og:title\" content=\"A propos - 3e mill\u00e9naire - Spiritualit\u00e9 - Connaissance de soi - Non-dualit\u00e9 - M\u00e9ditation\" \/>\n<meta property=\"og:description\" content=\"La Revue 3e mill\u00e9naire s\u2019inscrit dans un courant humaniste de libre recherche spirituelle, artisan de convergences entre les religions et les philosophies d\u2019Orient et d\u2019Occident et \u00e0 l\u2019\u00e9coute des t\u00e9moins d\u2019\u00c9veil. Elle existe d\u00e9j\u00e0 depuis plus de 40 ans dans sa formule nouvelle s\u00e9rie. Vingt et un num\u00e9ros \u00e9taient d\u00e9j\u00e0 parus (ancienne formule) de mars [&hellip;]\" \/>\n<meta property=\"og:url\" content=\"https:\/\/www.revue3emillenaire.com\/blog\/a-propos\/\" \/>\n<meta property=\"og:site_name\" content=\"3e mill\u00e9naire - Spiritualit\u00e9 - Connaissance de soi - Non-dualit\u00e9 - M\u00e9ditation\" \/>\n<meta property=\"article:modified_time\" content=\"2026-02-23T13:49:18+00:00\" \/>\n<meta name=\"twitter:card\" content=\"summary_large_image\" \/>\n<meta name=\"twitter:label1\" content=\"Dur\u00e9e de lecture estim\u00e9e\" \/>\n\t<meta name=\"twitter:data1\" content=\"2 minutes\" \/>\n<script type=\"application\/ld+json\" class=\"yoast-schema-graph\">{\"@context\":\"https:\/\/schema.org\",\"@graph\":[{\"@type\":\"WebPage\",\"@id\":\"https:\/\/www.revue3emillenaire.com\/blog\/a-propos\/\",\"url\":\"https:\/\/www.revue3emillenaire.com\/blog\/a-propos\/\",\"name\":\"A propos - 3e mill\u00e9naire - Spiritualit\u00e9 - Connaissance de soi - Non-dualit\u00e9 - M\u00e9ditation\",\"isPartOf\":{\"@id\":\"https:\/\/www.revue3emillenaire.com\/blog\/#website\"},\"datePublished\":\"2021-06-13T17:03:48+00:00\",\"dateModified\":\"2026-02-23T13:49:18+00:00\",\"breadcrumb\":{\"@id\":\"https:\/\/www.revue3emillenaire.com\/blog\/a-propos\/#breadcrumb\"},\"inLanguage\":\"fr-FR\",\"potentialAction\":[{\"@type\":\"ReadAction\",\"target\":[\"https:\/\/www.revue3emillenaire.com\/blog\/a-propos\/\"]}]},{\"@type\":\"BreadcrumbList\",\"@id\":\"https:\/\/www.revue3emillenaire.com\/blog\/a-propos\/#breadcrumb\",\"itemListElement\":[{\"@type\":\"ListItem\",\"position\":1,\"name\":\"Accueil\",\"item\":\"https:\/\/www.revue3emillenaire.com\/blog\/\"},{\"@type\":\"ListItem\",\"position\":2,\"name\":\"A propos\"}]},{\"@type\":\"WebSite\",\"@id\":\"https:\/\/www.revue3emillenaire.com\/blog\/#website\",\"url\":\"https:\/\/www.revue3emillenaire.com\/blog\/\",\"name\":\"3e mill\u00e9naire - Spiritualit\u00e9 - Connaissance de soi - Non-dualit\u00e9 - M\u00e9ditation\",\"description\":\"L&#039;Homme en devenir\",\"potentialAction\":[{\"@type\":\"SearchAction\",\"target\":{\"@type\":\"EntryPoint\",\"urlTemplate\":\"https:\/\/www.revue3emillenaire.com\/blog\/?s={search_term_string}\"},\"query-input\":{\"@type\":\"PropertyValueSpecification\",\"valueRequired\":true,\"valueName\":\"search_term_string\"}}],\"inLanguage\":\"fr-FR\"}]}<\/script>\n<!-- \/ Yoast SEO plugin. -->","yoast_head_json":{"title":"A propos - 3e mill\u00e9naire - Spiritualit\u00e9 - Connaissance de soi - Non-dualit\u00e9 - M\u00e9ditation","robots":{"index":"index","follow":"follow","max-snippet":"max-snippet:-1","max-image-preview":"max-image-preview:large","max-video-preview":"max-video-preview:-1"},"canonical":"https:\/\/www.revue3emillenaire.com\/blog\/a-propos\/","og_locale":"fr_FR","og_type":"article","og_title":"A propos - 3e mill\u00e9naire - Spiritualit\u00e9 - Connaissance de soi - Non-dualit\u00e9 - M\u00e9ditation","og_description":"La Revue 3e mill\u00e9naire s\u2019inscrit dans un courant humaniste de libre recherche spirituelle, artisan de convergences entre les religions et les philosophies d\u2019Orient et d\u2019Occident et \u00e0 l\u2019\u00e9coute des t\u00e9moins d\u2019\u00c9veil. Elle existe d\u00e9j\u00e0 depuis plus de 40 ans dans sa formule nouvelle s\u00e9rie. Vingt et un num\u00e9ros \u00e9taient d\u00e9j\u00e0 parus (ancienne formule) de mars [&hellip;]","og_url":"https:\/\/www.revue3emillenaire.com\/blog\/a-propos\/","og_site_name":"3e mill\u00e9naire - Spiritualit\u00e9 - Connaissance de soi - Non-dualit\u00e9 - M\u00e9ditation","article_modified_time":"2026-02-23T13:49:18+00:00","twitter_card":"summary_large_image","twitter_misc":{"Dur\u00e9e de lecture estim\u00e9e":"2 minutes"},"schema":{"@context":"https:\/\/schema.org","@graph":[{"@type":"WebPage","@id":"https:\/\/www.revue3emillenaire.com\/blog\/a-propos\/","url":"https:\/\/www.revue3emillenaire.com\/blog\/a-propos\/","name":"A propos - 3e mill\u00e9naire - Spiritualit\u00e9 - Connaissance de soi - Non-dualit\u00e9 - M\u00e9ditation","isPartOf":{"@id":"https:\/\/www.revue3emillenaire.com\/blog\/#website"},"datePublished":"2021-06-13T17:03:48+00:00","dateModified":"2026-02-23T13:49:18+00:00","breadcrumb":{"@id":"https:\/\/www.revue3emillenaire.com\/blog\/a-propos\/#breadcrumb"},"inLanguage":"fr-FR","potentialAction":[{"@type":"ReadAction","target":["https:\/\/www.revue3emillenaire.com\/blog\/a-propos\/"]}]},{"@type":"BreadcrumbList","@id":"https:\/\/www.revue3emillenaire.com\/blog\/a-propos\/#breadcrumb","itemListElement":[{"@type":"ListItem","position":1,"name":"Accueil","item":"https:\/\/www.revue3emillenaire.com\/blog\/"},{"@type":"ListItem","position":2,"name":"A propos"}]},{"@type":"WebSite","@id":"https:\/\/www.revue3emillenaire.com\/blog\/#website","url":"https:\/\/www.revue3emillenaire.com\/blog\/","name":"3e mill\u00e9naire - Spiritualit\u00e9 - Connaissance de soi - Non-dualit\u00e9 - M\u00e9ditation","description":"L&#039;Homme en devenir","potentialAction":[{"@type":"SearchAction","target":{"@type":"EntryPoint","urlTemplate":"https:\/\/www.revue3emillenaire.com\/blog\/?s={search_term_string}"},"query-input":{"@type":"PropertyValueSpecification","valueRequired":true,"valueName":"search_term_string"}}],"inLanguage":"fr-FR"}]}},"_links":{"self":[{"href":"https:\/\/www.revue3emillenaire.com\/blog\/wp-json\/wp\/v2\/pages\/18477","targetHints":{"allow":["GET"]}}],"collection":[{"href":"https:\/\/www.revue3emillenaire.com\/blog\/wp-json\/wp\/v2\/pages"}],"about":[{"href":"https:\/\/www.revue3emillenaire.com\/blog\/wp-json\/wp\/v2\/types\/page"}],"author":[{"embeddable":true,"href":"https:\/\/www.revue3emillenaire.com\/blog\/wp-json\/wp\/v2\/users\/2"}],"replies":[{"embeddable":true,"href":"https:\/\/www.revue3emillenaire.com\/blog\/wp-json\/wp\/v2\/comments?post=18477"}],"version-history":[{"count":0,"href":"https:\/\/www.revue3emillenaire.com\/blog\/wp-json\/wp\/v2\/pages\/18477\/revisions"}],"wp:attachment":[{"href":"https:\/\/www.revue3emillenaire.com\/blog\/wp-json\/wp\/v2\/media?parent=18477"}],"curies":[{"name":"wp","href":"https:\/\/api.w.org\/{rel}","templated":true}]}}