{"id":18485,"date":"2021-06-13T18:11:42","date_gmt":"2021-06-13T17:11:42","guid":{"rendered":"https:\/\/www.revue3emillenaire.com\/blog\/?page_id=18485"},"modified":"2024-07-24T07:48:01","modified_gmt":"2024-07-24T06:48:01","slug":"livres-gratuits-en-pdf","status":"publish","type":"page","link":"https:\/\/www.revue3emillenaire.com\/blog\/livres-gratuits-en-pdf\/","title":{"rendered":"Livres gratuits en PDF"},"content":{"rendered":"<p><a href=\"..\/..\/doc\/livres\/Carlo-Suares-Krishnamurti.pdf\" target=\"_blank\" rel=\"noopener\">Carlo Suares &#8211; Krishnamurti et l&rsquo;unit\u00e9 humaine<\/a> (870 Ko)<\/p>\n<p><a href=\"..\/..\/doc\/livres\/CarloSuares-De-quelques-apprentis-sorciers.pdf\" target=\"_blank\" rel=\"noopener\">Carlo Suares &#8211; De quelques apprentis sorciers<\/a> (530 Ko)<\/p>\n<p><a href=\"..\/..\/doc\/livres\/Carlo-Suares-Critique-de-la-raison-impure-1955.pdf\" target=\"_blank\" rel=\"noopener\">Carlo Suares &#8211; Critique de la raison impure<\/a> (823 Ko)<\/p>\n<p><a href=\"..\/..\/doc\/livres\/Gerard-Mechoulam-L-engagement-Spirituel-1974.pdf\" target=\"_blank\" rel=\"noopener\">G\u00e9rard M\u00e9choulam &#8211; L&rsquo;engagement Spirituel<\/a> (302 Ko)<\/p>\n<p><a href=\"..\/..\/doc\/livres\/Gerard-Tiry-Approche-de-l-evenement.pdf\" target=\"_blank\" rel=\"noopener\">G\u00e9rard Tiry &#8211; Approche de l&rsquo;\u00e9v\u00e9nement<\/a> (307 Ko)<\/p>\n<p><a href=\"..\/..\/doc\/livres\/RAM-NIRMAYANANDADORJE-La-Divine-Feerie-1980.pdf\" target=\"_blank\" rel=\"noopener\">R\u00c2M NIRMAYANANDA DORJE &#8211; La Divine F\u00e9\u00e9rie &#8211; La passion transcendantale de l&rsquo;\u00e9tat sans ego<\/a> (124 Ko)<\/p>\n<p><a href=\"..\/..\/doc\/livres\/Robert-Linssen-AidesetObstacles.pdf\" target=\"_blank\" rel=\"noopener\">Robert Linssen &#8211; Aides et Obstacles \u00e0 l\u2019\u00c9veil int\u00e9rieur<\/a> (494 Ko)<\/p>\n<p><a href=\"..\/..\/doc\/livres\/Robert-Linssen-Amour-Humain-Amour-Divin-1953.pdf\" target=\"_blank\" rel=\"noopener\">Robert Linssen &#8211; De l&rsquo;Amour Humain \u00e0 l&rsquo;Amour Divin<\/a> (235 Ko)<\/p>\n<p><a href=\"..\/..\/doc\/livres\/Robert-Linssen-Arbre-de-vie-Cosmique-1987.pdf\" target=\"_blank\" rel=\"noopener\">Robert Linssen &#8211; L&rsquo;Arbre de vie Cosmique et ses fleurs<\/a> (181 Ko)<\/p>\n<p><a href=\"..\/..\/doc\/livres\/Robert-Linssen-Krishnamurti-psychologue-de-l-ere-nouvelle-1971.pdf\" target=\"_blank\" rel=\"noopener\">Robert Linssen &#8211; Krishnamurti psychologue de l&rsquo;\u00e8re nouvelle<\/a> (1,4 Mo)<\/p>\n<p><a href=\"..\/..\/doc\/livres\/Robert-Linssen-Psychisme-et-Parapsychologie-1976.pdf\" target=\"_blank\" rel=\"noopener\">Robert Linssen : Psychisme, Parapsychologie et Spiritualit\u00e9<\/a> (840 Ko)<\/p>\n<p><a href=\"..\/..\/doc\/livres\/robert-Linssen-naissance-developpement.pdf\" target=\"_blank\" rel=\"noopener\">Robert Linssen : Naissance, D\u00e9veloppement et dissolution du mirage de l&rsquo;ego<\/a> (840 Ko)<\/p>\n<p><a href=\"..\/..\/doc\/livres\/foueretempo.pdf\" target=\"_blank\" rel=\"noopener\">Ren\u00e9 Fou\u00e9r\u00e9 : Du temporel \u00e0 l&rsquo;intemporel<\/a> (688 Ko)<\/p>\n<p><a href=\"..\/..\/doc\/livres\/fouererevolution.pdf\" target=\"_blank\" rel=\"noopener\">Ren\u00e9 Fou\u00e9r\u00e9 : Krishnamurti ou la R\u00e9volution du R\u00e9el<\/a> (1 Mo)<\/p>\n<p><a href=\"..\/..\/doc\/livres\/Fouere-Disciplines-Ritualisme.pdf\" target=\"_blank\" rel=\"noopener\">Ren\u00e9 Fou\u00e9r\u00e9 &#8211; Disciplines, Ritualisme et Spiritualit\u00e9<\/a> (385 Ko)<\/p>\n<p><a href=\"..\/..\/doc\/livres\/HSI-YUN-LementalCosmique.pdf\" target=\"_blank\" rel=\"noopener\">HSI YUN : Le mental Cosmique<\/a> (300 Ko)<\/p>\n<p><a href=\"..\/..\/doc\/livres\/Marquette-Introduction-mystique.pdf\" target=\"_blank\" rel=\"noopener\">Jacques De Marquette &#8211; Introduction \u00e0 la mystique compar\u00e9e<\/a> (695 Ko)<\/p>\n<p><a href=\"..\/..\/doc\/livres\/Jacques-Marquette-Lueurs-psychophysiques.pdf\" target=\"_blank\" rel=\"noopener\">Jacques de Marquette &#8211; Lueurs psychophysiques sur les religions et l&rsquo;esprit<\/a> (342 Ko)<\/p>\n<p><a href=\"..\/..\/doc\/livres\/Jacques-de-Marquette-De-l-ame-a-l-esprit-1958.pdf\" target=\"_blank\" rel=\"noopener\">Jacques de Marquette &#8211; De l&rsquo;\u00e2me \u00e0 l&rsquo;esprit ou la mont\u00e9e \u00e0 la vie \u00e9ternelle<\/a> (623 Ko)<\/p>\n<p><a href=\"..\/..\/doc\/livres\/Jacques-De-Marquette-LEssence-de-lHindouisme-1961.pdf\" target=\"_blank\" rel=\"noopener\">Jacques de Marquette &#8211; L&rsquo;essence de l&rsquo;Hindou\u00efsme<\/a> (261 Ko)<\/p>\n<p><a href=\"..\/..\/doc\/livres\/Jacques-De-Marquette-Panharmonie-1959.pdf\" target=\"_blank\" rel=\"noopener\">Jacques de Marquette &#8211; Panharmonie<\/a> (711 Ko)<\/p>\n<p><a href=\"..\/..\/doc\/livres\/Jean-Louis-Siemons-Theosophia1988.pdf\" target=\"_blank\" rel=\"noopener\">Jean-Louis Si\u00e9mons &#8211; Th\u00e9osophia<\/a> (1,1 Mo)<\/p>\n<p><a href=\"..\/..\/doc\/livres\/Siemons-La-r\u00e9incarnation-des-preuves-aux-certitudes.pdf\" target=\"_blank\" rel=\"noopener\">Jean-Louis Si\u00e9mons &#8211; La r\u00e9incarnation, des preuves aux certitudes<\/a> (1,1 Mo)<\/p>\n<p><a href=\"..\/..\/doc\/livres\/UG-etat-Naturel-Biographie.pdf\" target=\"_blank\" rel=\"noopener\">UG &#8211; L&rsquo;\u00e9tat Naturel<\/a> (335 Ko)<\/p>\n<p><a href=\"..\/..\/doc\/livres\/Alan-Watts-Beat zen.pdf\" target=\"_blank\" rel=\"noopener\">Alan Watts &#8211; Beat Zen, Square Zen et Zen<\/a> (1,1 Mo)<\/p>\n<p><a href=\"..\/..\/doc\/livres\/Mes_conversations_avec_Krishnamurti_RFG.pdf\" target=\"_blank\" rel=\"noopener\">Ruben Ernesto Feldman Gonzalez &#8211; Mes conversations avec Krishnamurti<\/a> (256 Ko)<\/p>\n<p><a href=\"..\/..\/doc\/livres\/Pierre D-Angkor - Itineraire d-un pelerin de l-absolu 1953.pdf\" target=\"_blank\" rel=\"noopener\">Pierre D&rsquo;Angkor &#8211; Itin\u00e9raire d&rsquo;un p\u00e9lerin de l&rsquo;Absolu<\/a> (1,6 Mo)<\/p>\n<p><a href=\"..\/..\/doc\/livres\/Pierre-DAngkor-Humanisme-Integral-1957.pdf\" target=\"_blank\" rel=\"noopener\">Pierre D&rsquo;Angkor &#8211; Humanisme int\u00e9gral &#8211; Condition spirituelle d&rsquo;un monde nouveau<\/a> (389 ko)<\/p>\n<p><a href=\"..\/..\/doc\/livres\/Pierre-d-ANGKOR-La-lettre-et-l-esprit-1960.pdf\" target=\"_blank\" rel=\"noopener\">Pierre D&rsquo;Angkor &#8211; La Lettre et l&rsquo;Esprit &#8211; Essai de Gnose Chr\u00e9tienne<\/a> (398 ko)<\/p>\n<p><a href=\"..\/..\/doc\/livres\/Gabriel-Monod-Herzen-LECOLE-DU-LIBRE-PROGRES-1972.pdf\" target=\"_blank\" rel=\"noopener\">Gabriel Monod-Herzen et Jacqueline<\/a> Benezech &#8211; L&rsquo;ecole du libre progr\u00e8s (970 Ko)<\/p>\n<p><a href=\"..\/..\/doc\/livres\/Pascal-Ruga-Au-temps-des-anges-1976.pdf\" target=\"_blank\" rel=\"noopener\">Pascal Ruga &#8211; Au temps des anges<\/a> (348 Ko)<\/p>\n<p><a href=\"..\/..\/doc\/livres\/Archaka - Benediction de labime 1990.pdf\" target=\"_blank\" rel=\"noopener\">Archaka &#8211; B\u00e9n\u00e9diction de l&rsquo;ab\u00eeme<\/a> (1079 Ko)<\/p>\n<p><a href=\"..\/..\/doc\/livres\/Archaka - Le Dieu de Dieu 1989.pdf\" target=\"_blank\" rel=\"noopener\">Archaka &#8211; Le Dieu de Dieu<\/a> (777 Ko)<\/p>\n<p><a href=\"..\/..\/doc\/livres\/Archaka - Les temps pre-\u00e9ternels 1985.pdf\" target=\"_blank\" rel=\"noopener\">Archaka &#8211; Les temps pr\u00e9-\u00e9ternels<\/a> (564 Ko)<\/p>\n<p><a href=\"..\/..\/doc\/livres\/Dominique-Casterman-Au-Dela-Du-Monde-Visible.pdf\" target=\"_blank\" rel=\"noopener\">Dominique Casterman &#8211; Au-del\u00e0 du monde visible<\/a> (686 Ko)<\/p>\n<p><a href=\"..\/..\/doc\/livres\/Dominique-Casterman-L-envers-de-la-raison-2018.pdf\" target=\"_blank\" rel=\"noopener\">Dominique Casterman &#8211; L&rsquo;envers de la raison <\/a> (658 Ko)<\/p>\n<p><a href=\"..\/..\/doc\/livres\/Dominique-Casterman-L-ESPRIT-DANS-LA-MATIERE.pdf\" target=\"_blank\" rel=\"noopener\">Dominique Casterman &#8211; L&rsquo;Esprit dans la mati\u00e8re<\/a> (1868 Ko)<\/p>\n<p><a href=\"..\/..\/doc\/livres\/Pierre dANGKOR - Au Terme dun long voyage 1962.pdf\" target=\"_blank\" rel=\"noopener\">Pierre D&rsquo;Angkor &#8211; Au terme d&rsquo;un long voyage<\/a> (615 Ko)<\/p>\n<p><a href=\"..\/..\/doc\/livres\/fx-chaboche-LeNouvelAge.pdf\" target=\"_blank\" rel=\"noopener\">Fran\u00e7ois-Xavier Chaboche &#8211; Le Nouvel \u00c2ge sera ce que nous en ferons<\/a> (144 Ko)<\/p>\n<p><a href=\"..\/..\/doc\/livres\/fx-chaboche-Recherche-spirituelle-discernement-et-liberte.pdf\" target=\"_blank\" rel=\"noopener\">Recherche spirituelle, discernement et libert\u00e9<\/a> (259 Ko)<\/p>\n<p><a href=\"..\/..\/doc\/livres\/fx-chaboche-Reincarnation-et-Resurrection.pdf\" target=\"_blank\" rel=\"noopener\">R\u00e9incarnation et R\u00e9surrection : la destin\u00e9e de l\u2019\u00e2me humaine<\/a> (226 Ko)<\/p>\n<p><a href=\"..\/..\/doc\/livres\/Rene-Allendy-La-justice-interieure.pdf\" target=\"_blank\" rel=\"noopener\">Ren\u00e9 Allendy &#8211; La justice int\u00e9rieure<\/a> (544 Ko)<\/p>\n<p><a href=\"..\/..\/doc\/livres\/Archaka-Le-mur-de-la-lumiere-1993.pdf\" target=\"_blank\" rel=\"noopener\">Alexandre Kalda &#8211; Le Mur de la Lumi\u00e8re, Mystique de la Science contemporaine <\/a> (503 Ko)<\/p>\n<p><a href=\"..\/..\/doc\/livres\/Krishnamurti-en-dialogue-avec-les-psychiatres.pdf\" target=\"_blank\" rel=\"noopener\">Krishnamurti &#8211; En dialogue avec les psychiatres<\/a> (260 Ko)<\/p>\n<p><a href=\"..\/..\/doc\/livres\/Daniel-Simonnot-La-biodynamique-de-l-agriculture-1984.pdf\" target=\"_blank\" rel=\"noopener\">Daniel Simonnot &#8211; La biodynamique de l&rsquo;agriculture <\/a> (658 Ko)<\/p>\n","protected":false},"excerpt":{"rendered":"<p>Carlo Suares &#8211; Krishnamurti et l&rsquo;unit\u00e9 humaine (870 Ko) Carlo Suares &#8211; De quelques apprentis sorciers (530 Ko) Carlo Suares &#8211; Critique de la raison impure (823 Ko) G\u00e9rard M\u00e9choulam &#8211; L&rsquo;engagement Spirituel (302 Ko) G\u00e9rard Tiry &#8211; Approche de l&rsquo;\u00e9v\u00e9nement (307 Ko) R\u00c2M NIRMAYANANDA DORJE &#8211; La Divine F\u00e9\u00e9rie &#8211; La passion transcendantale de [&hellip;]<\/p>\n","protected":false},"author":2,"featured_media":0,"parent":0,"menu_order":0,"comment_status":"closed","ping_status":"closed","template":"template-simple.php","meta":{"footnotes":""},"class_list":["post-18485","page","type-page","status-publish","hentry"],"yoast_head":"<!-- This site is optimized with the Yoast SEO plugin v27.0 - https:\/\/yoast.com\/product\/yoast-seo-wordpress\/ -->\n<title>Livres gratuits en PDF - 3e mill\u00e9naire - Spiritualit\u00e9 - Connaissance de soi - Non-dualit\u00e9 - M\u00e9ditation<\/title>\n<meta name=\"robots\" content=\"index, follow, max-snippet:-1, max-image-preview:large, max-video-preview:-1\" \/>\n<link rel=\"canonical\" href=\"https:\/\/www.revue3emillenaire.com\/blog\/livres-gratuits-en-pdf\/\" \/>\n<meta property=\"og:locale\" content=\"fr_FR\" \/>\n<meta property=\"og:type\" content=\"article\" \/>\n<meta property=\"og:title\" content=\"Livres gratuits en PDF - 3e mill\u00e9naire - Spiritualit\u00e9 - Connaissance de soi - Non-dualit\u00e9 - M\u00e9ditation\" \/>\n<meta property=\"og:description\" content=\"Carlo Suares &#8211; Krishnamurti et l&rsquo;unit\u00e9 humaine (870 Ko) Carlo Suares &#8211; De quelques apprentis sorciers (530 Ko) Carlo Suares &#8211; Critique de la raison impure (823 Ko) G\u00e9rard M\u00e9choulam &#8211; L&rsquo;engagement Spirituel (302 Ko) G\u00e9rard Tiry &#8211; Approche de l&rsquo;\u00e9v\u00e9nement (307 Ko) R\u00c2M NIRMAYANANDA DORJE &#8211; La Divine F\u00e9\u00e9rie &#8211; La passion transcendantale de [&hellip;]\" \/>\n<meta property=\"og:url\" content=\"https:\/\/www.revue3emillenaire.com\/blog\/livres-gratuits-en-pdf\/\" \/>\n<meta property=\"og:site_name\" content=\"3e mill\u00e9naire - Spiritualit\u00e9 - Connaissance de soi - Non-dualit\u00e9 - M\u00e9ditation\" \/>\n<meta property=\"article:modified_time\" content=\"2024-07-24T06:48:01+00:00\" \/>\n<meta name=\"twitter:card\" content=\"summary_large_image\" \/>\n<meta name=\"twitter:label1\" content=\"Dur\u00e9e de lecture estim\u00e9e\" \/>\n\t<meta name=\"twitter:data1\" content=\"3 minutes\" \/>\n<script type=\"application\/ld+json\" class=\"yoast-schema-graph\">{\"@context\":\"https:\/\/schema.org\",\"@graph\":[{\"@type\":\"WebPage\",\"@id\":\"https:\/\/www.revue3emillenaire.com\/blog\/livres-gratuits-en-pdf\/\",\"url\":\"https:\/\/www.revue3emillenaire.com\/blog\/livres-gratuits-en-pdf\/\",\"name\":\"Livres gratuits en PDF - 3e mill\u00e9naire - Spiritualit\u00e9 - Connaissance de soi - Non-dualit\u00e9 - M\u00e9ditation\",\"isPartOf\":{\"@id\":\"https:\/\/www.revue3emillenaire.com\/blog\/#website\"},\"datePublished\":\"2021-06-13T17:11:42+00:00\",\"dateModified\":\"2024-07-24T06:48:01+00:00\",\"breadcrumb\":{\"@id\":\"https:\/\/www.revue3emillenaire.com\/blog\/livres-gratuits-en-pdf\/#breadcrumb\"},\"inLanguage\":\"fr-FR\",\"potentialAction\":[{\"@type\":\"ReadAction\",\"target\":[\"https:\/\/www.revue3emillenaire.com\/blog\/livres-gratuits-en-pdf\/\"]}]},{\"@type\":\"BreadcrumbList\",\"@id\":\"https:\/\/www.revue3emillenaire.com\/blog\/livres-gratuits-en-pdf\/#breadcrumb\",\"itemListElement\":[{\"@type\":\"ListItem\",\"position\":1,\"name\":\"Accueil\",\"item\":\"https:\/\/www.revue3emillenaire.com\/blog\/\"},{\"@type\":\"ListItem\",\"position\":2,\"name\":\"Livres gratuits en PDF\"}]},{\"@type\":\"WebSite\",\"@id\":\"https:\/\/www.revue3emillenaire.com\/blog\/#website\",\"url\":\"https:\/\/www.revue3emillenaire.com\/blog\/\",\"name\":\"3e mill\u00e9naire - Spiritualit\u00e9 - Connaissance de soi - Non-dualit\u00e9 - M\u00e9ditation\",\"description\":\"L&#039;Homme en devenir\",\"potentialAction\":[{\"@type\":\"SearchAction\",\"target\":{\"@type\":\"EntryPoint\",\"urlTemplate\":\"https:\/\/www.revue3emillenaire.com\/blog\/?s={search_term_string}\"},\"query-input\":{\"@type\":\"PropertyValueSpecification\",\"valueRequired\":true,\"valueName\":\"search_term_string\"}}],\"inLanguage\":\"fr-FR\"}]}<\/script>\n<!-- \/ Yoast SEO plugin. -->","yoast_head_json":{"title":"Livres gratuits en PDF - 3e mill\u00e9naire - Spiritualit\u00e9 - Connaissance de soi - Non-dualit\u00e9 - M\u00e9ditation","robots":{"index":"index","follow":"follow","max-snippet":"max-snippet:-1","max-image-preview":"max-image-preview:large","max-video-preview":"max-video-preview:-1"},"canonical":"https:\/\/www.revue3emillenaire.com\/blog\/livres-gratuits-en-pdf\/","og_locale":"fr_FR","og_type":"article","og_title":"Livres gratuits en PDF - 3e mill\u00e9naire - Spiritualit\u00e9 - Connaissance de soi - Non-dualit\u00e9 - M\u00e9ditation","og_description":"Carlo Suares &#8211; Krishnamurti et l&rsquo;unit\u00e9 humaine (870 Ko) Carlo Suares &#8211; De quelques apprentis sorciers (530 Ko) Carlo Suares &#8211; Critique de la raison impure (823 Ko) G\u00e9rard M\u00e9choulam &#8211; L&rsquo;engagement Spirituel (302 Ko) G\u00e9rard Tiry &#8211; Approche de l&rsquo;\u00e9v\u00e9nement (307 Ko) R\u00c2M NIRMAYANANDA DORJE &#8211; La Divine F\u00e9\u00e9rie &#8211; La passion transcendantale de [&hellip;]","og_url":"https:\/\/www.revue3emillenaire.com\/blog\/livres-gratuits-en-pdf\/","og_site_name":"3e mill\u00e9naire - Spiritualit\u00e9 - Connaissance de soi - Non-dualit\u00e9 - M\u00e9ditation","article_modified_time":"2024-07-24T06:48:01+00:00","twitter_card":"summary_large_image","twitter_misc":{"Dur\u00e9e de lecture estim\u00e9e":"3 minutes"},"schema":{"@context":"https:\/\/schema.org","@graph":[{"@type":"WebPage","@id":"https:\/\/www.revue3emillenaire.com\/blog\/livres-gratuits-en-pdf\/","url":"https:\/\/www.revue3emillenaire.com\/blog\/livres-gratuits-en-pdf\/","name":"Livres gratuits en PDF - 3e mill\u00e9naire - Spiritualit\u00e9 - Connaissance de soi - Non-dualit\u00e9 - M\u00e9ditation","isPartOf":{"@id":"https:\/\/www.revue3emillenaire.com\/blog\/#website"},"datePublished":"2021-06-13T17:11:42+00:00","dateModified":"2024-07-24T06:48:01+00:00","breadcrumb":{"@id":"https:\/\/www.revue3emillenaire.com\/blog\/livres-gratuits-en-pdf\/#breadcrumb"},"inLanguage":"fr-FR","potentialAction":[{"@type":"ReadAction","target":["https:\/\/www.revue3emillenaire.com\/blog\/livres-gratuits-en-pdf\/"]}]},{"@type":"BreadcrumbList","@id":"https:\/\/www.revue3emillenaire.com\/blog\/livres-gratuits-en-pdf\/#breadcrumb","itemListElement":[{"@type":"ListItem","position":1,"name":"Accueil","item":"https:\/\/www.revue3emillenaire.com\/blog\/"},{"@type":"ListItem","position":2,"name":"Livres gratuits en PDF"}]},{"@type":"WebSite","@id":"https:\/\/www.revue3emillenaire.com\/blog\/#website","url":"https:\/\/www.revue3emillenaire.com\/blog\/","name":"3e mill\u00e9naire - Spiritualit\u00e9 - Connaissance de soi - Non-dualit\u00e9 - M\u00e9ditation","description":"L&#039;Homme en devenir","potentialAction":[{"@type":"SearchAction","target":{"@type":"EntryPoint","urlTemplate":"https:\/\/www.revue3emillenaire.com\/blog\/?s={search_term_string}"},"query-input":{"@type":"PropertyValueSpecification","valueRequired":true,"valueName":"search_term_string"}}],"inLanguage":"fr-FR"}]}},"_links":{"self":[{"href":"https:\/\/www.revue3emillenaire.com\/blog\/wp-json\/wp\/v2\/pages\/18485","targetHints":{"allow":["GET"]}}],"collection":[{"href":"https:\/\/www.revue3emillenaire.com\/blog\/wp-json\/wp\/v2\/pages"}],"about":[{"href":"https:\/\/www.revue3emillenaire.com\/blog\/wp-json\/wp\/v2\/types\/page"}],"author":[{"embeddable":true,"href":"https:\/\/www.revue3emillenaire.com\/blog\/wp-json\/wp\/v2\/users\/2"}],"replies":[{"embeddable":true,"href":"https:\/\/www.revue3emillenaire.com\/blog\/wp-json\/wp\/v2\/comments?post=18485"}],"version-history":[{"count":0,"href":"https:\/\/www.revue3emillenaire.com\/blog\/wp-json\/wp\/v2\/pages\/18485\/revisions"}],"wp:attachment":[{"href":"https:\/\/www.revue3emillenaire.com\/blog\/wp-json\/wp\/v2\/media?parent=18485"}],"curies":[{"name":"wp","href":"https:\/\/api.w.org\/{rel}","templated":true}]}}