{"id":18487,"date":"2021-06-13T18:23:21","date_gmt":"2021-06-13T17:23:21","guid":{"rendered":"https:\/\/www.revue3emillenaire.com\/blog\/?page_id=18487"},"modified":"2026-04-19T19:36:34","modified_gmt":"2026-04-19T18:36:34","slug":"prochain-numero","status":"publish","type":"page","link":"https:\/\/www.revue3emillenaire.com\/blog\/prochain-numero\/","title":{"rendered":"Prochain num\u00e9ro"},"content":{"rendered":"","protected":false},"excerpt":{"rendered":"","protected":false},"author":2,"featured_media":0,"parent":0,"menu_order":0,"comment_status":"closed","ping_status":"closed","template":"template-next-issue.php","meta":{"footnotes":""},"class_list":["post-18487","page","type-page","status-publish","hentry"],"yoast_head":"<!-- This site is optimized with the Yoast SEO plugin v27.0 - https:\/\/yoast.com\/product\/yoast-seo-wordpress\/ -->\n<title>Prochain num\u00e9ro - 3e mill\u00e9naire - Spiritualit\u00e9 - Connaissance de soi - Non-dualit\u00e9 - M\u00e9ditation<\/title>\n<meta name=\"description\" content=\"En ces temps si moroses pour la plan\u00e8te et ses habitants, nous aborderons le \u00ab\u00a0r\u00e9enchantement\u00a0\u00bb du monde. Utopie\u00a0! pour certains, s\u00fbrement, mais pour nous mise en route vers un nouveau monde. U-topia, n\u00e9ologisme form\u00e9 \u00e0 la Renaissance, signifie \u00ab\u00a0en aucun lieu\u00a0\u00bb. Cette id\u00e9e qui accompagne toutes les visions d\u2019un avenir radieux, qu\u2019elles soient politiques ou spirituelles, peut prendre aujourd\u2019hui un tout nouveau sens. En aucun lieu, en aucun endroit, c\u2019est intimement l\u00e0 o\u00f9 nous sommes de toute \u00e9ternit\u00e9, et c\u2019est de l\u00e0, de cette extraordinaire int\u00e9riorit\u00e9, que tout devient possible. L\u2019utopia n\u2019est alors pas limit\u00e9e \u00e0 un dogme religieux, \u00e0 une id\u00e9ologie politique, c\u2019est l\u2019\u00e9veil de la conscience, la sortie du sommeil diurne et de sa morosit\u00e9 ambiante, c\u2019est la cr\u00e9ativit\u00e9 en action.\" \/>\n<meta name=\"robots\" content=\"index, follow, max-snippet:-1, max-image-preview:large, max-video-preview:-1\" \/>\n<link rel=\"canonical\" href=\"https:\/\/www.revue3emillenaire.com\/blog\/prochain-numero\/\" \/>\n<meta property=\"og:locale\" content=\"fr_FR\" \/>\n<meta property=\"og:type\" content=\"article\" \/>\n<meta property=\"og:title\" content=\"Prochain num\u00e9ro - 3e mill\u00e9naire - Spiritualit\u00e9 - Connaissance de soi - Non-dualit\u00e9 - M\u00e9ditation\" \/>\n<meta property=\"og:description\" content=\"En ces temps si moroses pour la plan\u00e8te et ses habitants, nous aborderons le \u00ab\u00a0r\u00e9enchantement\u00a0\u00bb du monde. Utopie\u00a0! pour certains, s\u00fbrement, mais pour nous mise en route vers un nouveau monde. U-topia, n\u00e9ologisme form\u00e9 \u00e0 la Renaissance, signifie \u00ab\u00a0en aucun lieu\u00a0\u00bb. Cette id\u00e9e qui accompagne toutes les visions d\u2019un avenir radieux, qu\u2019elles soient politiques ou spirituelles, peut prendre aujourd\u2019hui un tout nouveau sens. En aucun lieu, en aucun endroit, c\u2019est intimement l\u00e0 o\u00f9 nous sommes de toute \u00e9ternit\u00e9, et c\u2019est de l\u00e0, de cette extraordinaire int\u00e9riorit\u00e9, que tout devient possible. L\u2019utopia n\u2019est alors pas limit\u00e9e \u00e0 un dogme religieux, \u00e0 une id\u00e9ologie politique, c\u2019est l\u2019\u00e9veil de la conscience, la sortie du sommeil diurne et de sa morosit\u00e9 ambiante, c\u2019est la cr\u00e9ativit\u00e9 en action.\" \/>\n<meta property=\"og:url\" content=\"https:\/\/www.revue3emillenaire.com\/blog\/prochain-numero\/\" \/>\n<meta property=\"og:site_name\" content=\"3e mill\u00e9naire - Spiritualit\u00e9 - Connaissance de soi - Non-dualit\u00e9 - M\u00e9ditation\" \/>\n<meta property=\"article:modified_time\" content=\"2026-04-19T18:36:34+00:00\" \/>\n<meta name=\"twitter:card\" content=\"summary_large_image\" \/>\n<script type=\"application\/ld+json\" class=\"yoast-schema-graph\">{\"@context\":\"https:\/\/schema.org\",\"@graph\":[{\"@type\":\"WebPage\",\"@id\":\"https:\/\/www.revue3emillenaire.com\/blog\/prochain-numero\/\",\"url\":\"https:\/\/www.revue3emillenaire.com\/blog\/prochain-numero\/\",\"name\":\"Prochain num\u00e9ro - 3e mill\u00e9naire - Spiritualit\u00e9 - Connaissance de soi - Non-dualit\u00e9 - M\u00e9ditation\",\"isPartOf\":{\"@id\":\"https:\/\/www.revue3emillenaire.com\/blog\/#website\"},\"datePublished\":\"2021-06-13T17:23:21+00:00\",\"dateModified\":\"2026-04-19T18:36:34+00:00\",\"description\":\"En ces temps si moroses pour la plan\u00e8te et ses habitants, nous aborderons le \u00ab\u00a0r\u00e9enchantement\u00a0\u00bb du monde. Utopie\u00a0! pour certains, s\u00fbrement, mais pour nous mise en route vers un nouveau monde. U-topia, n\u00e9ologisme form\u00e9 \u00e0 la Renaissance, signifie \u00ab\u00a0en aucun lieu\u00a0\u00bb. Cette id\u00e9e qui accompagne toutes les visions d\u2019un avenir radieux, qu\u2019elles soient politiques ou spirituelles, peut prendre aujourd\u2019hui un tout nouveau sens. En aucun lieu, en aucun endroit, c\u2019est intimement l\u00e0 o\u00f9 nous sommes de toute \u00e9ternit\u00e9, et c\u2019est de l\u00e0, de cette extraordinaire int\u00e9riorit\u00e9, que tout devient possible. L\u2019utopia n\u2019est alors pas limit\u00e9e \u00e0 un dogme religieux, \u00e0 une id\u00e9ologie politique, c\u2019est l\u2019\u00e9veil de la conscience, la sortie du sommeil diurne et de sa morosit\u00e9 ambiante, c\u2019est la cr\u00e9ativit\u00e9 en action.\",\"breadcrumb\":{\"@id\":\"https:\/\/www.revue3emillenaire.com\/blog\/prochain-numero\/#breadcrumb\"},\"inLanguage\":\"fr-FR\",\"potentialAction\":[{\"@type\":\"ReadAction\",\"target\":[\"https:\/\/www.revue3emillenaire.com\/blog\/prochain-numero\/\"]}]},{\"@type\":\"BreadcrumbList\",\"@id\":\"https:\/\/www.revue3emillenaire.com\/blog\/prochain-numero\/#breadcrumb\",\"itemListElement\":[{\"@type\":\"ListItem\",\"position\":1,\"name\":\"Accueil\",\"item\":\"https:\/\/www.revue3emillenaire.com\/blog\/\"},{\"@type\":\"ListItem\",\"position\":2,\"name\":\"Prochain num\u00e9ro\"}]},{\"@type\":\"WebSite\",\"@id\":\"https:\/\/www.revue3emillenaire.com\/blog\/#website\",\"url\":\"https:\/\/www.revue3emillenaire.com\/blog\/\",\"name\":\"3e mill\u00e9naire - Spiritualit\u00e9 - Connaissance de soi - Non-dualit\u00e9 - M\u00e9ditation\",\"description\":\"L&#039;Homme en devenir\",\"potentialAction\":[{\"@type\":\"SearchAction\",\"target\":{\"@type\":\"EntryPoint\",\"urlTemplate\":\"https:\/\/www.revue3emillenaire.com\/blog\/?s={search_term_string}\"},\"query-input\":{\"@type\":\"PropertyValueSpecification\",\"valueRequired\":true,\"valueName\":\"search_term_string\"}}],\"inLanguage\":\"fr-FR\"}]}<\/script>\n<!-- \/ Yoast SEO plugin. -->","yoast_head_json":{"title":"Prochain num\u00e9ro - 3e mill\u00e9naire - Spiritualit\u00e9 - Connaissance de soi - Non-dualit\u00e9 - M\u00e9ditation","description":"En ces temps si moroses pour la plan\u00e8te et ses habitants, nous aborderons le \u00ab\u00a0r\u00e9enchantement\u00a0\u00bb du monde. Utopie\u00a0! pour certains, s\u00fbrement, mais pour nous mise en route vers un nouveau monde. U-topia, n\u00e9ologisme form\u00e9 \u00e0 la Renaissance, signifie \u00ab\u00a0en aucun lieu\u00a0\u00bb. Cette id\u00e9e qui accompagne toutes les visions d\u2019un avenir radieux, qu\u2019elles soient politiques ou spirituelles, peut prendre aujourd\u2019hui un tout nouveau sens. En aucun lieu, en aucun endroit, c\u2019est intimement l\u00e0 o\u00f9 nous sommes de toute \u00e9ternit\u00e9, et c\u2019est de l\u00e0, de cette extraordinaire int\u00e9riorit\u00e9, que tout devient possible. L\u2019utopia n\u2019est alors pas limit\u00e9e \u00e0 un dogme religieux, \u00e0 une id\u00e9ologie politique, c\u2019est l\u2019\u00e9veil de la conscience, la sortie du sommeil diurne et de sa morosit\u00e9 ambiante, c\u2019est la cr\u00e9ativit\u00e9 en action.","robots":{"index":"index","follow":"follow","max-snippet":"max-snippet:-1","max-image-preview":"max-image-preview:large","max-video-preview":"max-video-preview:-1"},"canonical":"https:\/\/www.revue3emillenaire.com\/blog\/prochain-numero\/","og_locale":"fr_FR","og_type":"article","og_title":"Prochain num\u00e9ro - 3e mill\u00e9naire - Spiritualit\u00e9 - Connaissance de soi - Non-dualit\u00e9 - M\u00e9ditation","og_description":"En ces temps si moroses pour la plan\u00e8te et ses habitants, nous aborderons le \u00ab\u00a0r\u00e9enchantement\u00a0\u00bb du monde. Utopie\u00a0! pour certains, s\u00fbrement, mais pour nous mise en route vers un nouveau monde. U-topia, n\u00e9ologisme form\u00e9 \u00e0 la Renaissance, signifie \u00ab\u00a0en aucun lieu\u00a0\u00bb. Cette id\u00e9e qui accompagne toutes les visions d\u2019un avenir radieux, qu\u2019elles soient politiques ou spirituelles, peut prendre aujourd\u2019hui un tout nouveau sens. En aucun lieu, en aucun endroit, c\u2019est intimement l\u00e0 o\u00f9 nous sommes de toute \u00e9ternit\u00e9, et c\u2019est de l\u00e0, de cette extraordinaire int\u00e9riorit\u00e9, que tout devient possible. L\u2019utopia n\u2019est alors pas limit\u00e9e \u00e0 un dogme religieux, \u00e0 une id\u00e9ologie politique, c\u2019est l\u2019\u00e9veil de la conscience, la sortie du sommeil diurne et de sa morosit\u00e9 ambiante, c\u2019est la cr\u00e9ativit\u00e9 en action.","og_url":"https:\/\/www.revue3emillenaire.com\/blog\/prochain-numero\/","og_site_name":"3e mill\u00e9naire - Spiritualit\u00e9 - Connaissance de soi - Non-dualit\u00e9 - M\u00e9ditation","article_modified_time":"2026-04-19T18:36:34+00:00","twitter_card":"summary_large_image","schema":{"@context":"https:\/\/schema.org","@graph":[{"@type":"WebPage","@id":"https:\/\/www.revue3emillenaire.com\/blog\/prochain-numero\/","url":"https:\/\/www.revue3emillenaire.com\/blog\/prochain-numero\/","name":"Prochain num\u00e9ro - 3e mill\u00e9naire - Spiritualit\u00e9 - Connaissance de soi - Non-dualit\u00e9 - M\u00e9ditation","isPartOf":{"@id":"https:\/\/www.revue3emillenaire.com\/blog\/#website"},"datePublished":"2021-06-13T17:23:21+00:00","dateModified":"2026-04-19T18:36:34+00:00","description":"En ces temps si moroses pour la plan\u00e8te et ses habitants, nous aborderons le \u00ab\u00a0r\u00e9enchantement\u00a0\u00bb du monde. Utopie\u00a0! pour certains, s\u00fbrement, mais pour nous mise en route vers un nouveau monde. U-topia, n\u00e9ologisme form\u00e9 \u00e0 la Renaissance, signifie \u00ab\u00a0en aucun lieu\u00a0\u00bb. Cette id\u00e9e qui accompagne toutes les visions d\u2019un avenir radieux, qu\u2019elles soient politiques ou spirituelles, peut prendre aujourd\u2019hui un tout nouveau sens. En aucun lieu, en aucun endroit, c\u2019est intimement l\u00e0 o\u00f9 nous sommes de toute \u00e9ternit\u00e9, et c\u2019est de l\u00e0, de cette extraordinaire int\u00e9riorit\u00e9, que tout devient possible. L\u2019utopia n\u2019est alors pas limit\u00e9e \u00e0 un dogme religieux, \u00e0 une id\u00e9ologie politique, c\u2019est l\u2019\u00e9veil de la conscience, la sortie du sommeil diurne et de sa morosit\u00e9 ambiante, c\u2019est la cr\u00e9ativit\u00e9 en action.","breadcrumb":{"@id":"https:\/\/www.revue3emillenaire.com\/blog\/prochain-numero\/#breadcrumb"},"inLanguage":"fr-FR","potentialAction":[{"@type":"ReadAction","target":["https:\/\/www.revue3emillenaire.com\/blog\/prochain-numero\/"]}]},{"@type":"BreadcrumbList","@id":"https:\/\/www.revue3emillenaire.com\/blog\/prochain-numero\/#breadcrumb","itemListElement":[{"@type":"ListItem","position":1,"name":"Accueil","item":"https:\/\/www.revue3emillenaire.com\/blog\/"},{"@type":"ListItem","position":2,"name":"Prochain num\u00e9ro"}]},{"@type":"WebSite","@id":"https:\/\/www.revue3emillenaire.com\/blog\/#website","url":"https:\/\/www.revue3emillenaire.com\/blog\/","name":"3e mill\u00e9naire - Spiritualit\u00e9 - Connaissance de soi - Non-dualit\u00e9 - M\u00e9ditation","description":"L&#039;Homme en devenir","potentialAction":[{"@type":"SearchAction","target":{"@type":"EntryPoint","urlTemplate":"https:\/\/www.revue3emillenaire.com\/blog\/?s={search_term_string}"},"query-input":{"@type":"PropertyValueSpecification","valueRequired":true,"valueName":"search_term_string"}}],"inLanguage":"fr-FR"}]}},"_links":{"self":[{"href":"https:\/\/www.revue3emillenaire.com\/blog\/wp-json\/wp\/v2\/pages\/18487","targetHints":{"allow":["GET"]}}],"collection":[{"href":"https:\/\/www.revue3emillenaire.com\/blog\/wp-json\/wp\/v2\/pages"}],"about":[{"href":"https:\/\/www.revue3emillenaire.com\/blog\/wp-json\/wp\/v2\/types\/page"}],"author":[{"embeddable":true,"href":"https:\/\/www.revue3emillenaire.com\/blog\/wp-json\/wp\/v2\/users\/2"}],"replies":[{"embeddable":true,"href":"https:\/\/www.revue3emillenaire.com\/blog\/wp-json\/wp\/v2\/comments?post=18487"}],"version-history":[{"count":0,"href":"https:\/\/www.revue3emillenaire.com\/blog\/wp-json\/wp\/v2\/pages\/18487\/revisions"}],"wp:attachment":[{"href":"https:\/\/www.revue3emillenaire.com\/blog\/wp-json\/wp\/v2\/media?parent=18487"}],"curies":[{"name":"wp","href":"https:\/\/api.w.org\/{rel}","templated":true}]}}