{"id":19139,"date":"2023-01-15T14:23:38","date_gmt":"2023-01-15T13:23:38","guid":{"rendered":"https:\/\/www.revue3emillenaire.com\/blog\/?page_id=19139"},"modified":"2023-05-09T15:07:51","modified_gmt":"2023-05-09T14:07:51","slug":"livres","status":"publish","type":"page","link":"https:\/\/www.revue3emillenaire.com\/blog\/livres\/","title":{"rendered":"Nos collections"},"content":{"rendered":"<p>Les collections \u00e9dit\u00e9es par la Revue 3e mill\u00e9naire :<\/p>\n<p><a href=\"https:\/\/www.revue3emillenaire.com\/blog\/bd\/\" rel=\"noopener\">Bandes dessin\u00e9es<\/a><\/p>\n<p><a href=\"https:\/\/www.revue3emillenaire.com\/blog\/collection-mediter\/\" rel=\"noopener\">M\u00e9diter<\/a><\/p>\n<p><a href=\"https:\/\/www.revue3emillenaire.com\/blog\/les-voiles-disis\/\" rel=\"noopener\">Les Voiles d&rsquo;Isis<\/a><\/p>\n<p><a href=\"https:\/\/www.revue3emillenaire.com\/blog\/hors-series\/\" rel=\"noopener\">Hors-s\u00e9ries<\/a><\/p>\n<p><a href=\"https:\/\/www.revue3emillenaire.com\/blog\/temoins-deveil\/\" rel=\"noopener\">T\u00e9moins d&rsquo;Eveil<\/a><\/p>\n<p><a href=\"https:\/\/www.revue3emillenaire.com\/blog\/collection-vivre-lart\/\" rel=\"noopener\">Vivre l&rsquo;Art<\/a><\/p>\n<p><a href=\"https:\/\/www.revue3emillenaire.com\/blog\/poesies\/\" rel=\"noopener\">Po\u00e9sies<\/a><br \/><\/p>\n","protected":false},"excerpt":{"rendered":"<p>Les collections \u00e9dit\u00e9es par la Revue 3e mill\u00e9naire : Bandes dessin\u00e9es M\u00e9diter Les Voiles d&rsquo;Isis Hors-s\u00e9ries T\u00e9moins d&rsquo;Eveil Vivre l&rsquo;Art Po\u00e9sies<\/p>\n","protected":false},"author":2,"featured_media":0,"parent":0,"menu_order":0,"comment_status":"closed","ping_status":"closed","template":"template-books.php","meta":{"footnotes":""},"class_list":["post-19139","page","type-page","status-publish","hentry"],"yoast_head":"<!-- This site is optimized with the Yoast SEO plugin v27.0 - https:\/\/yoast.com\/product\/yoast-seo-wordpress\/ -->\n<title>Nos collections - 3e mill\u00e9naire - Spiritualit\u00e9 - Connaissance de soi - Non-dualit\u00e9 - M\u00e9ditation<\/title>\n<meta name=\"robots\" content=\"index, follow, max-snippet:-1, max-image-preview:large, max-video-preview:-1\" \/>\n<link rel=\"canonical\" href=\"https:\/\/www.revue3emillenaire.com\/blog\/livres\/\" \/>\n<meta property=\"og:locale\" content=\"fr_FR\" \/>\n<meta property=\"og:type\" content=\"article\" \/>\n<meta property=\"og:title\" content=\"Nos collections - 3e mill\u00e9naire - Spiritualit\u00e9 - Connaissance de soi - Non-dualit\u00e9 - M\u00e9ditation\" \/>\n<meta property=\"og:description\" content=\"Les collections \u00e9dit\u00e9es par la Revue 3e mill\u00e9naire : Bandes dessin\u00e9es M\u00e9diter Les Voiles d&rsquo;Isis Hors-s\u00e9ries T\u00e9moins d&rsquo;Eveil Vivre l&rsquo;Art Po\u00e9sies\" \/>\n<meta property=\"og:url\" content=\"https:\/\/www.revue3emillenaire.com\/blog\/livres\/\" \/>\n<meta property=\"og:site_name\" content=\"3e mill\u00e9naire - Spiritualit\u00e9 - Connaissance de soi - Non-dualit\u00e9 - M\u00e9ditation\" \/>\n<meta property=\"article:modified_time\" content=\"2023-05-09T14:07:51+00:00\" \/>\n<meta name=\"twitter:card\" content=\"summary_large_image\" \/>\n<meta name=\"twitter:label1\" content=\"Dur\u00e9e de lecture estim\u00e9e\" \/>\n\t<meta name=\"twitter:data1\" content=\"1 minute\" \/>\n<script type=\"application\/ld+json\" class=\"yoast-schema-graph\">{\"@context\":\"https:\/\/schema.org\",\"@graph\":[{\"@type\":\"WebPage\",\"@id\":\"https:\/\/www.revue3emillenaire.com\/blog\/livres\/\",\"url\":\"https:\/\/www.revue3emillenaire.com\/blog\/livres\/\",\"name\":\"Nos collections - 3e mill\u00e9naire - Spiritualit\u00e9 - Connaissance de soi - Non-dualit\u00e9 - M\u00e9ditation\",\"isPartOf\":{\"@id\":\"https:\/\/www.revue3emillenaire.com\/blog\/#website\"},\"datePublished\":\"2023-01-15T13:23:38+00:00\",\"dateModified\":\"2023-05-09T14:07:51+00:00\",\"breadcrumb\":{\"@id\":\"https:\/\/www.revue3emillenaire.com\/blog\/livres\/#breadcrumb\"},\"inLanguage\":\"fr-FR\",\"potentialAction\":[{\"@type\":\"ReadAction\",\"target\":[\"https:\/\/www.revue3emillenaire.com\/blog\/livres\/\"]}]},{\"@type\":\"BreadcrumbList\",\"@id\":\"https:\/\/www.revue3emillenaire.com\/blog\/livres\/#breadcrumb\",\"itemListElement\":[{\"@type\":\"ListItem\",\"position\":1,\"name\":\"Accueil\",\"item\":\"https:\/\/www.revue3emillenaire.com\/blog\/\"},{\"@type\":\"ListItem\",\"position\":2,\"name\":\"Nos collections\"}]},{\"@type\":\"WebSite\",\"@id\":\"https:\/\/www.revue3emillenaire.com\/blog\/#website\",\"url\":\"https:\/\/www.revue3emillenaire.com\/blog\/\",\"name\":\"3e mill\u00e9naire - Spiritualit\u00e9 - Connaissance de soi - Non-dualit\u00e9 - M\u00e9ditation\",\"description\":\"L&#039;Homme en devenir\",\"potentialAction\":[{\"@type\":\"SearchAction\",\"target\":{\"@type\":\"EntryPoint\",\"urlTemplate\":\"https:\/\/www.revue3emillenaire.com\/blog\/?s={search_term_string}\"},\"query-input\":{\"@type\":\"PropertyValueSpecification\",\"valueRequired\":true,\"valueName\":\"search_term_string\"}}],\"inLanguage\":\"fr-FR\"}]}<\/script>\n<!-- \/ Yoast SEO plugin. -->","yoast_head_json":{"title":"Nos collections - 3e mill\u00e9naire - Spiritualit\u00e9 - Connaissance de soi - Non-dualit\u00e9 - M\u00e9ditation","robots":{"index":"index","follow":"follow","max-snippet":"max-snippet:-1","max-image-preview":"max-image-preview:large","max-video-preview":"max-video-preview:-1"},"canonical":"https:\/\/www.revue3emillenaire.com\/blog\/livres\/","og_locale":"fr_FR","og_type":"article","og_title":"Nos collections - 3e mill\u00e9naire - Spiritualit\u00e9 - Connaissance de soi - Non-dualit\u00e9 - M\u00e9ditation","og_description":"Les collections \u00e9dit\u00e9es par la Revue 3e mill\u00e9naire : Bandes dessin\u00e9es M\u00e9diter Les Voiles d&rsquo;Isis Hors-s\u00e9ries T\u00e9moins d&rsquo;Eveil Vivre l&rsquo;Art Po\u00e9sies","og_url":"https:\/\/www.revue3emillenaire.com\/blog\/livres\/","og_site_name":"3e mill\u00e9naire - Spiritualit\u00e9 - Connaissance de soi - Non-dualit\u00e9 - M\u00e9ditation","article_modified_time":"2023-05-09T14:07:51+00:00","twitter_card":"summary_large_image","twitter_misc":{"Dur\u00e9e de lecture estim\u00e9e":"1 minute"},"schema":{"@context":"https:\/\/schema.org","@graph":[{"@type":"WebPage","@id":"https:\/\/www.revue3emillenaire.com\/blog\/livres\/","url":"https:\/\/www.revue3emillenaire.com\/blog\/livres\/","name":"Nos collections - 3e mill\u00e9naire - Spiritualit\u00e9 - Connaissance de soi - Non-dualit\u00e9 - M\u00e9ditation","isPartOf":{"@id":"https:\/\/www.revue3emillenaire.com\/blog\/#website"},"datePublished":"2023-01-15T13:23:38+00:00","dateModified":"2023-05-09T14:07:51+00:00","breadcrumb":{"@id":"https:\/\/www.revue3emillenaire.com\/blog\/livres\/#breadcrumb"},"inLanguage":"fr-FR","potentialAction":[{"@type":"ReadAction","target":["https:\/\/www.revue3emillenaire.com\/blog\/livres\/"]}]},{"@type":"BreadcrumbList","@id":"https:\/\/www.revue3emillenaire.com\/blog\/livres\/#breadcrumb","itemListElement":[{"@type":"ListItem","position":1,"name":"Accueil","item":"https:\/\/www.revue3emillenaire.com\/blog\/"},{"@type":"ListItem","position":2,"name":"Nos collections"}]},{"@type":"WebSite","@id":"https:\/\/www.revue3emillenaire.com\/blog\/#website","url":"https:\/\/www.revue3emillenaire.com\/blog\/","name":"3e mill\u00e9naire - Spiritualit\u00e9 - Connaissance de soi - Non-dualit\u00e9 - M\u00e9ditation","description":"L&#039;Homme en devenir","potentialAction":[{"@type":"SearchAction","target":{"@type":"EntryPoint","urlTemplate":"https:\/\/www.revue3emillenaire.com\/blog\/?s={search_term_string}"},"query-input":{"@type":"PropertyValueSpecification","valueRequired":true,"valueName":"search_term_string"}}],"inLanguage":"fr-FR"}]}},"_links":{"self":[{"href":"https:\/\/www.revue3emillenaire.com\/blog\/wp-json\/wp\/v2\/pages\/19139","targetHints":{"allow":["GET"]}}],"collection":[{"href":"https:\/\/www.revue3emillenaire.com\/blog\/wp-json\/wp\/v2\/pages"}],"about":[{"href":"https:\/\/www.revue3emillenaire.com\/blog\/wp-json\/wp\/v2\/types\/page"}],"author":[{"embeddable":true,"href":"https:\/\/www.revue3emillenaire.com\/blog\/wp-json\/wp\/v2\/users\/2"}],"replies":[{"embeddable":true,"href":"https:\/\/www.revue3emillenaire.com\/blog\/wp-json\/wp\/v2\/comments?post=19139"}],"version-history":[{"count":0,"href":"https:\/\/www.revue3emillenaire.com\/blog\/wp-json\/wp\/v2\/pages\/19139\/revisions"}],"wp:attachment":[{"href":"https:\/\/www.revue3emillenaire.com\/blog\/wp-json\/wp\/v2\/media?parent=19139"}],"curies":[{"name":"wp","href":"https:\/\/api.w.org\/{rel}","templated":true}]}}