{"id":393,"date":"2009-12-12T14:09:22","date_gmt":"2009-12-12T13:09:22","guid":{"rendered":"http:\/\/www.revue3emillenaire.com\/blog\/?page_id=393"},"modified":"2012-07-14T17:38:56","modified_gmt":"2012-07-14T16:38:56","slug":"videos","status":"publish","type":"page","link":"https:\/\/www.revue3emillenaire.com\/blog\/videos\/","title":{"rendered":"Pr\u00e9sentation de la revue en vid\u00e9o"},"content":{"rendered":"<p><strong><a href=\"http:\/\/www.revue3emillenaire.com\/fr\/videos.html\">Voir toutes les vid\u00e9os de nos auteurs sur le site de la Revue<\/a><\/strong><\/p>\n<p>Pr\u00e9sentation de la Revue 3e mill\u00e9naire par Philippe Muller,\u00a0 directeur de la publication.<\/p>\n<p>Cette interview a \u00e9t\u00e9 r\u00e9alis\u00e9e par l&rsquo;\u00e9quipe de Baglis TV<\/p>\n<p>[dailymotion x957k8_rencontre-avec-le-directeur-de-la-r_news nolink]<br \/>\n<span><strong><br \/>\n<\/strong><\/span><\/p>\n","protected":false},"excerpt":{"rendered":"<p>Voir toutes les vid\u00e9os de nos auteurs sur le site de la Revue Pr\u00e9sentation de la Revue 3e mill\u00e9naire par Philippe Muller,\u00a0 directeur de la publication. Cette interview a \u00e9t\u00e9 r\u00e9alis\u00e9e par l&rsquo;\u00e9quipe de Baglis TV [dailymotion x957k8_rencontre-avec-le-directeur-de-la-r_news nolink]<\/p>\n","protected":false},"author":1,"featured_media":0,"parent":0,"menu_order":0,"comment_status":"closed","ping_status":"open","template":"","meta":{"footnotes":""},"class_list":["post-393","page","type-page","status-publish","hentry"],"yoast_head":"<!-- This site is optimized with the Yoast SEO plugin v27.0 - https:\/\/yoast.com\/product\/yoast-seo-wordpress\/ -->\n<title>Pr\u00e9sentation de la revue en vid\u00e9o - 3e mill\u00e9naire - Spiritualit\u00e9 - Connaissance de soi - Non-dualit\u00e9 - M\u00e9ditation<\/title>\n<meta name=\"robots\" content=\"index, follow, max-snippet:-1, max-image-preview:large, max-video-preview:-1\" \/>\n<link rel=\"canonical\" href=\"https:\/\/www.revue3emillenaire.com\/blog\/videos\/\" \/>\n<meta property=\"og:locale\" content=\"fr_FR\" \/>\n<meta property=\"og:type\" content=\"article\" \/>\n<meta property=\"og:title\" content=\"Pr\u00e9sentation de la revue en vid\u00e9o - 3e mill\u00e9naire - Spiritualit\u00e9 - Connaissance de soi - Non-dualit\u00e9 - M\u00e9ditation\" \/>\n<meta property=\"og:description\" content=\"Voir toutes les vid\u00e9os de nos auteurs sur le site de la Revue Pr\u00e9sentation de la Revue 3e mill\u00e9naire par Philippe Muller,\u00a0 directeur de la publication. Cette interview a \u00e9t\u00e9 r\u00e9alis\u00e9e par l&rsquo;\u00e9quipe de Baglis TV [dailymotion x957k8_rencontre-avec-le-directeur-de-la-r_news nolink]\" \/>\n<meta property=\"og:url\" content=\"https:\/\/www.revue3emillenaire.com\/blog\/videos\/\" \/>\n<meta property=\"og:site_name\" content=\"3e mill\u00e9naire - Spiritualit\u00e9 - Connaissance de soi - Non-dualit\u00e9 - M\u00e9ditation\" \/>\n<meta property=\"article:modified_time\" content=\"2012-07-14T16:38:56+00:00\" \/>\n<meta name=\"twitter:card\" content=\"summary_large_image\" \/>\n<script type=\"application\/ld+json\" class=\"yoast-schema-graph\">{\"@context\":\"https:\/\/schema.org\",\"@graph\":[{\"@type\":\"WebPage\",\"@id\":\"https:\/\/www.revue3emillenaire.com\/blog\/videos\/\",\"url\":\"https:\/\/www.revue3emillenaire.com\/blog\/videos\/\",\"name\":\"Pr\u00e9sentation de la revue en vid\u00e9o - 3e mill\u00e9naire - Spiritualit\u00e9 - Connaissance de soi - Non-dualit\u00e9 - M\u00e9ditation\",\"isPartOf\":{\"@id\":\"https:\/\/www.revue3emillenaire.com\/blog\/#website\"},\"datePublished\":\"2009-12-12T13:09:22+00:00\",\"dateModified\":\"2012-07-14T16:38:56+00:00\",\"breadcrumb\":{\"@id\":\"https:\/\/www.revue3emillenaire.com\/blog\/videos\/#breadcrumb\"},\"inLanguage\":\"fr-FR\",\"potentialAction\":[{\"@type\":\"ReadAction\",\"target\":[\"https:\/\/www.revue3emillenaire.com\/blog\/videos\/\"]}]},{\"@type\":\"BreadcrumbList\",\"@id\":\"https:\/\/www.revue3emillenaire.com\/blog\/videos\/#breadcrumb\",\"itemListElement\":[{\"@type\":\"ListItem\",\"position\":1,\"name\":\"Accueil\",\"item\":\"https:\/\/www.revue3emillenaire.com\/blog\/\"},{\"@type\":\"ListItem\",\"position\":2,\"name\":\"Pr\u00e9sentation de la revue en vid\u00e9o\"}]},{\"@type\":\"WebSite\",\"@id\":\"https:\/\/www.revue3emillenaire.com\/blog\/#website\",\"url\":\"https:\/\/www.revue3emillenaire.com\/blog\/\",\"name\":\"3e mill\u00e9naire - Spiritualit\u00e9 - Connaissance de soi - Non-dualit\u00e9 - M\u00e9ditation\",\"description\":\"L&#039;Homme en devenir\",\"potentialAction\":[{\"@type\":\"SearchAction\",\"target\":{\"@type\":\"EntryPoint\",\"urlTemplate\":\"https:\/\/www.revue3emillenaire.com\/blog\/?s={search_term_string}\"},\"query-input\":{\"@type\":\"PropertyValueSpecification\",\"valueRequired\":true,\"valueName\":\"search_term_string\"}}],\"inLanguage\":\"fr-FR\"}]}<\/script>\n<!-- \/ Yoast SEO plugin. -->","yoast_head_json":{"title":"Pr\u00e9sentation de la revue en vid\u00e9o - 3e mill\u00e9naire - Spiritualit\u00e9 - Connaissance de soi - Non-dualit\u00e9 - M\u00e9ditation","robots":{"index":"index","follow":"follow","max-snippet":"max-snippet:-1","max-image-preview":"max-image-preview:large","max-video-preview":"max-video-preview:-1"},"canonical":"https:\/\/www.revue3emillenaire.com\/blog\/videos\/","og_locale":"fr_FR","og_type":"article","og_title":"Pr\u00e9sentation de la revue en vid\u00e9o - 3e mill\u00e9naire - Spiritualit\u00e9 - Connaissance de soi - Non-dualit\u00e9 - M\u00e9ditation","og_description":"Voir toutes les vid\u00e9os de nos auteurs sur le site de la Revue Pr\u00e9sentation de la Revue 3e mill\u00e9naire par Philippe Muller,\u00a0 directeur de la publication. Cette interview a \u00e9t\u00e9 r\u00e9alis\u00e9e par l&rsquo;\u00e9quipe de Baglis TV [dailymotion x957k8_rencontre-avec-le-directeur-de-la-r_news nolink]","og_url":"https:\/\/www.revue3emillenaire.com\/blog\/videos\/","og_site_name":"3e mill\u00e9naire - Spiritualit\u00e9 - Connaissance de soi - Non-dualit\u00e9 - M\u00e9ditation","article_modified_time":"2012-07-14T16:38:56+00:00","twitter_card":"summary_large_image","schema":{"@context":"https:\/\/schema.org","@graph":[{"@type":"WebPage","@id":"https:\/\/www.revue3emillenaire.com\/blog\/videos\/","url":"https:\/\/www.revue3emillenaire.com\/blog\/videos\/","name":"Pr\u00e9sentation de la revue en vid\u00e9o - 3e mill\u00e9naire - Spiritualit\u00e9 - Connaissance de soi - Non-dualit\u00e9 - M\u00e9ditation","isPartOf":{"@id":"https:\/\/www.revue3emillenaire.com\/blog\/#website"},"datePublished":"2009-12-12T13:09:22+00:00","dateModified":"2012-07-14T16:38:56+00:00","breadcrumb":{"@id":"https:\/\/www.revue3emillenaire.com\/blog\/videos\/#breadcrumb"},"inLanguage":"fr-FR","potentialAction":[{"@type":"ReadAction","target":["https:\/\/www.revue3emillenaire.com\/blog\/videos\/"]}]},{"@type":"BreadcrumbList","@id":"https:\/\/www.revue3emillenaire.com\/blog\/videos\/#breadcrumb","itemListElement":[{"@type":"ListItem","position":1,"name":"Accueil","item":"https:\/\/www.revue3emillenaire.com\/blog\/"},{"@type":"ListItem","position":2,"name":"Pr\u00e9sentation de la revue en vid\u00e9o"}]},{"@type":"WebSite","@id":"https:\/\/www.revue3emillenaire.com\/blog\/#website","url":"https:\/\/www.revue3emillenaire.com\/blog\/","name":"3e mill\u00e9naire - Spiritualit\u00e9 - Connaissance de soi - Non-dualit\u00e9 - M\u00e9ditation","description":"L&#039;Homme en devenir","potentialAction":[{"@type":"SearchAction","target":{"@type":"EntryPoint","urlTemplate":"https:\/\/www.revue3emillenaire.com\/blog\/?s={search_term_string}"},"query-input":{"@type":"PropertyValueSpecification","valueRequired":true,"valueName":"search_term_string"}}],"inLanguage":"fr-FR"}]}},"_links":{"self":[{"href":"https:\/\/www.revue3emillenaire.com\/blog\/wp-json\/wp\/v2\/pages\/393","targetHints":{"allow":["GET"]}}],"collection":[{"href":"https:\/\/www.revue3emillenaire.com\/blog\/wp-json\/wp\/v2\/pages"}],"about":[{"href":"https:\/\/www.revue3emillenaire.com\/blog\/wp-json\/wp\/v2\/types\/page"}],"author":[{"embeddable":true,"href":"https:\/\/www.revue3emillenaire.com\/blog\/wp-json\/wp\/v2\/users\/1"}],"replies":[{"embeddable":true,"href":"https:\/\/www.revue3emillenaire.com\/blog\/wp-json\/wp\/v2\/comments?post=393"}],"version-history":[{"count":0,"href":"https:\/\/www.revue3emillenaire.com\/blog\/wp-json\/wp\/v2\/pages\/393\/revisions"}],"wp:attachment":[{"href":"https:\/\/www.revue3emillenaire.com\/blog\/wp-json\/wp\/v2\/media?parent=393"}],"curies":[{"name":"wp","href":"https:\/\/api.w.org\/{rel}","templated":true}]}}